{"id":5777,"date":"2023-10-30T12:57:58","date_gmt":"2023-10-30T11:57:58","guid":{"rendered":"https:\/\/www.eufonie.pl\/artists-editions\/2019-edition\/"},"modified":"2023-12-19T11:37:42","modified_gmt":"2023-12-19T10:37:42","slug":"2019-edition","status":"publish","type":"page","link":"https:\/\/www.eufonie.pl\/en\/artists-editions\/2019-edition\/","title":{"rendered":"2019 Edition"},"content":{"rendered":"\t\t<div data-elementor-type=\"wp-page\" data-elementor-id=\"5777\" class=\"elementor elementor-5777 elementor-5208\">\n\t\t\t\t\t\t<section class=\"elementor-section elementor-top-section elementor-element elementor-element-f61bbf1 elementor-section-justified elementor-section-boxed elementor-section-height-default elementor-section-height-default\" data-id=\"f61bbf1\" data-element_type=\"section\" data-e-type=\"section\">\n\t\t\t\t\t\t<div class=\"elementor-container elementor-column-gap-extended\">\n\t\t\t\t\t<div class=\"elementor-column elementor-col-100 elementor-top-column elementor-element elementor-element-b2e6fb3 sc_layouts_column_icons_position_left\" data-id=\"b2e6fb3\" data-element_type=\"column\" data-e-type=\"column\">\n\t\t\t<div class=\"elementor-widget-wrap elementor-element-populated\">\n\t\t\t\t\t\t<div class=\"elementor-element elementor-element-31bd7ce elementor-widget elementor-widget-trx_sc_team\" data-id=\"31bd7ce\" data-element_type=\"widget\" data-e-type=\"widget\" data-widget_type=\"trx_sc_team.default\">\n\t\t\t\t<div class=\"elementor-widget-container\">\n\t\t\t\t\t<div  id=\"trx_sc_team_324021305\"\t\tclass=\"sc_team color_style_default sc_team_default\"><h6 class=\"sc_item_subtitle sc_team_subtitle sc_align_none sc_item_title_style_default\">Meet the contractors<\/h6><h2 class=\"sc_item_title sc_team_title sc_align_none sc_item_title_style_default sc_item_title_tag\">Artists<\/h2><div class=\"sc_team_columns_wrap sc_item_columns sc_item_posts_container trx_addons_columns_wrap columns_padding_bottom\"><div class=\"trx_addons_column-1_4\"><div class=\"sc_team_item no_links post-7079 cpt_team type-cpt_team status-publish has-post-thumbnail hentry cpt_team_group-artysci cpt_team_group-artysci-edycja-2018 cpt_team_group-artysci-edycje-2024 cpt_team_group-artysci-edycja-2019 cpt_team_group-artysci-edycja-2021 cpt_team_group-artysci-edycja-2022 cpt_team_group-artysci-edycja-2023\">\n\t<div class=\"post_featured with_thumb hover_ sc_team_item_thumb\"><img fetchpriority=\"high\" decoding=\"async\" width=\"406\" height=\"467\" src=\"https:\/\/www.eufonie.pl\/wp-content\/uploads\/2023\/12\/ofn-bez-dyrygenta-fot_-grzesiek-mart_auto_1800x1200-406x467.jpeg\" class=\"attachment-ostende-thumb-extra-big size-ostende-thumb-extra-big wp-post-image\" alt=\"Warsaw Philharmonic Orchestra\" \/><a href=\"https:\/\/www.eufonie.pl\/en\/team\/warsaw-philharmonic-orchestra\/\" aria-hidden=\"true\" class=\"icons\"><\/a><\/div>\t<div class=\"sc_team_item_info\">\n\t\t<div class=\"sc_team_item_header\">\n\t\t\t<h4 class=\"sc_team_item_title\"><a href=\"https:\/\/www.eufonie.pl\/en\/team\/warsaw-philharmonic-orchestra\/\">Warsaw Philharmonic Orchestra<\/a><\/h4>\n            <div class=\"sc_team_item_subtitle\"><\/div>\n\n        <\/div>\n\t\t<div class=\"sc_team_item_socials socials_wrap\"><\/div><\/div>\n<\/div><\/div><\/div><\/div><!-- \/.sc_team -->\t\t\t\t<\/div>\n\t\t\t\t<\/div>\n\t\t\t\t\t<\/div>\n\t\t<\/div>\n\t\t\t\t\t<\/div>\n\t\t<\/section>\n\t\t\t\t<\/div>\n\t\t","protected":false},"excerpt":{"rendered":"<p>Meet the contractors Artists Orkiestra Filharmonii Narodowej Max Emanuel Cen\u010di\u0107 \u015apiewak<\/p>\n","protected":false},"author":990013,"featured_media":0,"parent":5755,"menu_order":0,"comment_status":"closed","ping_status":"closed","template":"","meta":{"_acf_changed":false,"footnotes":""},"class_list":["post-5777","page","type-page","status-publish","hentry"],"acf":[],"_links":{"self":[{"href":"https:\/\/www.eufonie.pl\/en\/wp-json\/wp\/v2\/pages\/5777","targetHints":{"allow":["GET"]}}],"collection":[{"href":"https:\/\/www.eufonie.pl\/en\/wp-json\/wp\/v2\/pages"}],"about":[{"href":"https:\/\/www.eufonie.pl\/en\/wp-json\/wp\/v2\/types\/page"}],"author":[{"embeddable":true,"href":"https:\/\/www.eufonie.pl\/en\/wp-json\/wp\/v2\/users\/990013"}],"replies":[{"embeddable":true,"href":"https:\/\/www.eufonie.pl\/en\/wp-json\/wp\/v2\/comments?post=5777"}],"version-history":[{"count":1,"href":"https:\/\/www.eufonie.pl\/en\/wp-json\/wp\/v2\/pages\/5777\/revisions"}],"predecessor-version":[{"id":5778,"href":"https:\/\/www.eufonie.pl\/en\/wp-json\/wp\/v2\/pages\/5777\/revisions\/5778"}],"up":[{"embeddable":true,"href":"https:\/\/www.eufonie.pl\/en\/wp-json\/wp\/v2\/pages\/5755"}],"wp:attachment":[{"href":"https:\/\/www.eufonie.pl\/en\/wp-json\/wp\/v2\/media?parent=5777"}],"curies":[{"name":"wp","href":"https:\/\/api.w.org\/{rel}","templated":true}]}}