{"id":5775,"date":"2023-10-30T13:06:32","date_gmt":"2023-10-30T12:06:32","guid":{"rendered":"https:\/\/www.eufonie.pl\/artists-editions\/edition-2021\/"},"modified":"2023-12-19T11:37:13","modified_gmt":"2023-12-19T10:37:13","slug":"edition-2021","status":"publish","type":"page","link":"https:\/\/www.eufonie.pl\/en\/artists-editions\/edition-2021\/","title":{"rendered":"Edition 2021"},"content":{"rendered":"\t\t<div data-elementor-type=\"wp-page\" data-elementor-id=\"5775\" class=\"elementor elementor-5775 elementor-5223\">\n\t\t\t\t\t\t<section class=\"elementor-section elementor-top-section elementor-element elementor-element-609f40c elementor-section-justified elementor-section-boxed elementor-section-height-default elementor-section-height-default\" data-id=\"609f40c\" data-element_type=\"section\" data-e-type=\"section\">\n\t\t\t\t\t\t<div class=\"elementor-container elementor-column-gap-extended\">\n\t\t\t\t\t<div class=\"elementor-column elementor-col-100 elementor-top-column elementor-element elementor-element-a1b93e8 sc_layouts_column_icons_position_left\" data-id=\"a1b93e8\" data-element_type=\"column\" data-e-type=\"column\">\n\t\t\t<div class=\"elementor-widget-wrap elementor-element-populated\">\n\t\t\t\t\t\t<div class=\"elementor-element elementor-element-6eddfd5 elementor-widget elementor-widget-trx_sc_team\" data-id=\"6eddfd5\" data-element_type=\"widget\" data-e-type=\"widget\" data-widget_type=\"trx_sc_team.default\">\n\t\t\t\t<div class=\"elementor-widget-container\">\n\t\t\t\t\t<div  id=\"trx_sc_team_1357869623\"\t\tclass=\"sc_team color_style_default sc_team_default\"><h6 class=\"sc_item_subtitle sc_team_subtitle sc_align_none sc_item_title_style_default\">Meet the contractors<\/h6><h2 class=\"sc_item_title sc_team_title sc_align_none sc_item_title_style_default sc_item_title_tag\">Artists<\/h2><div class=\"sc_team_columns_wrap sc_item_columns sc_item_posts_container trx_addons_columns_wrap columns_padding_bottom\"><div class=\"trx_addons_column-1_4\"><div class=\"sc_team_item no_links post-7079 cpt_team type-cpt_team status-publish has-post-thumbnail hentry cpt_team_group-artysci cpt_team_group-artysci-edycja-2018 cpt_team_group-artysci-edycje-2024 cpt_team_group-artysci-edycja-2019 cpt_team_group-artysci-edycja-2021 cpt_team_group-artysci-edycja-2022 cpt_team_group-artysci-edycja-2023\">\n\t<div class=\"post_featured with_thumb hover_ sc_team_item_thumb\"><img fetchpriority=\"high\" decoding=\"async\" width=\"406\" height=\"467\" src=\"https:\/\/www.eufonie.pl\/wp-content\/uploads\/2023\/12\/ofn-bez-dyrygenta-fot_-grzesiek-mart_auto_1800x1200-406x467.jpeg\" class=\"attachment-ostende-thumb-extra-big size-ostende-thumb-extra-big wp-post-image\" alt=\"Warsaw Philharmonic Orchestra\" \/><a href=\"https:\/\/www.eufonie.pl\/en\/team\/warsaw-philharmonic-orchestra\/\" aria-hidden=\"true\" class=\"icons\"><\/a><\/div>\t<div class=\"sc_team_item_info\">\n\t\t<div class=\"sc_team_item_header\">\n\t\t\t<h4 class=\"sc_team_item_title\"><a href=\"https:\/\/www.eufonie.pl\/en\/team\/warsaw-philharmonic-orchestra\/\">Warsaw Philharmonic Orchestra<\/a><\/h4>\n            <div class=\"sc_team_item_subtitle\"><\/div>\n\n        <\/div>\n\t\t<div class=\"sc_team_item_socials socials_wrap\"><\/div><\/div>\n<\/div><\/div><div class=\"trx_addons_column-1_4\"><div class=\"sc_team_item no_links post-6050 cpt_team type-cpt_team status-publish has-post-thumbnail hentry cpt_team_group-artysci cpt_team_group-artysci-edycja-2020 cpt_team_group-artysci-edycja-2021 cpt_team_group-artysci-edycja-2023\">\n\t<div class=\"post_featured with_thumb hover_ sc_team_item_thumb\"><img decoding=\"async\" width=\"377\" height=\"400\" src=\"https:\/\/www.eufonie.pl\/wp-content\/uploads\/2018\/02\/admin-ajax.jpeg\" class=\"attachment-ostende-thumb-extra-big size-ostende-thumb-extra-big wp-post-image\" alt=\"Michal Baranski\" srcset=\"https:\/\/www.eufonie.pl\/wp-content\/uploads\/2018\/02\/admin-ajax.jpeg 377w, https:\/\/www.eufonie.pl\/wp-content\/uploads\/2018\/02\/admin-ajax-283x300.jpeg 283w, https:\/\/www.eufonie.pl\/wp-content\/uploads\/2018\/02\/admin-ajax-370x393.jpeg 370w\" sizes=\"(max-width: 377px) 100vw, 377px\" \/><a href=\"https:\/\/www.eufonie.pl\/en\/team\/michal-baranski\/\" aria-hidden=\"true\" class=\"icons\"><\/a><\/div>\t<div class=\"sc_team_item_info\">\n\t\t<div class=\"sc_team_item_header\">\n\t\t\t<h4 class=\"sc_team_item_title\"><a href=\"https:\/\/www.eufonie.pl\/en\/team\/michal-baranski\/\">Michal Baranski<\/a><\/h4>\n            <div class=\"sc_team_item_subtitle\"><\/div>\n\n        <\/div>\n\t\t<\/div>\n<\/div><\/div><\/div><\/div><!-- \/.sc_team -->\t\t\t\t<\/div>\n\t\t\t\t<\/div>\n\t\t\t\t\t<\/div>\n\t\t<\/div>\n\t\t\t\t\t<\/div>\n\t\t<\/section>\n\t\t\t\t<\/div>\n\t\t","protected":false},"excerpt":{"rendered":"<p>Meet the contractors Artists Orkiestra Filharmonii Narodowej Adam Ba\u0142dych Skrzypek i kompozytor Micha\u0142 Bara\u0144ski Kontrabasista i gitarzysta basowy Alvin Curran Kompozytor, performer, autor instalacji, pisarz i pedagog Ewald Danel Dyrygent, skrzypek<\/p>\n","protected":false},"author":990013,"featured_media":0,"parent":5755,"menu_order":0,"comment_status":"closed","ping_status":"closed","template":"","meta":{"_acf_changed":false,"footnotes":""},"class_list":["post-5775","page","type-page","status-publish","hentry"],"acf":[],"_links":{"self":[{"href":"https:\/\/www.eufonie.pl\/en\/wp-json\/wp\/v2\/pages\/5775","targetHints":{"allow":["GET"]}}],"collection":[{"href":"https:\/\/www.eufonie.pl\/en\/wp-json\/wp\/v2\/pages"}],"about":[{"href":"https:\/\/www.eufonie.pl\/en\/wp-json\/wp\/v2\/types\/page"}],"author":[{"embeddable":true,"href":"https:\/\/www.eufonie.pl\/en\/wp-json\/wp\/v2\/users\/990013"}],"replies":[{"embeddable":true,"href":"https:\/\/www.eufonie.pl\/en\/wp-json\/wp\/v2\/comments?post=5775"}],"version-history":[{"count":1,"href":"https:\/\/www.eufonie.pl\/en\/wp-json\/wp\/v2\/pages\/5775\/revisions"}],"predecessor-version":[{"id":5776,"href":"https:\/\/www.eufonie.pl\/en\/wp-json\/wp\/v2\/pages\/5775\/revisions\/5776"}],"up":[{"embeddable":true,"href":"https:\/\/www.eufonie.pl\/en\/wp-json\/wp\/v2\/pages\/5755"}],"wp:attachment":[{"href":"https:\/\/www.eufonie.pl\/en\/wp-json\/wp\/v2\/media?parent=5775"}],"curies":[{"name":"wp","href":"https:\/\/api.w.org\/{rel}","templated":true}]}}