{"id":10524,"date":"2025-11-17T11:33:14","date_gmt":"2025-11-17T10:33:14","guid":{"rendered":"https:\/\/www.eufonie.pl\/?page_id=10524"},"modified":"2025-11-17T12:19:53","modified_gmt":"2025-11-17T11:19:53","slug":"eufonie-team-2025","status":"publish","type":"page","link":"https:\/\/www.eufonie.pl\/en\/eufonie-team-2025\/","title":{"rendered":"Eufonie Team 2025"},"content":{"rendered":"\n<h2 class=\"wp-block-heading has-large-font-size\"><strong>Festival Management<\/strong><\/h2>\n\n\n\n<ul class=\"wp-block-list\">\n<li>Robert Piaskowski \u2013 director of the Festival&nbsp;<\/li>\n\n\n\n<li>Micha\u0142 Kosiorek \u2013 deputy director&nbsp;<\/li>\n\n\n\n<li>Micha\u0142 Adelt-J\u00f3\u017awiak \u2013 deputy director&nbsp;<\/li>\n\n\n\n<li>Joanna Orlik \u2013 deputy director&nbsp;<\/li>\n\n\n\n<li>Micha\u0142 Rydzewski \u2013 deputy director&nbsp;<\/li>\n<\/ul>\n\n\n\n<h2 class=\"wp-block-heading has-large-font-size\"><strong>Project Co-ordination<\/strong><\/h2>\n\n\n\n<ul class=\"wp-block-list\">\n<li>Natalia Gruszczy\u0144ska \u2013&nbsp;co-ordinator of the Festival <\/li>\n\n\n\n<li>Aleksandra Chrzanowska<\/li>\n\n\n\n<li>Aleksandra Weyna<\/li>\n\n\n\n<li>Gabriela Bielecka<\/li>\n\n\n\n<li>Sylwia B\u0142a\u017cej<\/li>\n\n\n\n<li>Marek Horodniczy<\/li>\n\n\n\n<li>Alicja Markiewicz<\/li>\n\n\n\n<li>Magdalena Roma\u0144ska<\/li>\n<\/ul>\n\n\n\n<h2 class=\"wp-block-heading has-large-font-size\"><strong>Communication, Promotion&nbsp;and Sales Co-ordination<\/strong><\/h2>\n\n\n\n<ul class=\"wp-block-list\">\n<li>Ma\u0142gorzata Feusette-Czy\u017cewska&nbsp;<\/li>\n\n\n\n<li>Agnieszka Topolska&nbsp;<\/li>\n\n\n\n<li>Katarzyna Skrzypek-Niemierska&nbsp;<\/li>\n\n\n\n<li>Dominika Bartosiak&nbsp;<\/li>\n\n\n\n<li>Monika Ferenc&nbsp;<\/li>\n\n\n\n<li>Iwona Hope&nbsp;<\/li>\n\n\n\n<li>Karolina Kruczek&nbsp;<\/li>\n\n\n\n<li>Daniel Mitu\u0142a&nbsp;<\/li>\n\n\n\n<li>Dagmara Olewi\u0144ska&nbsp;<\/li>\n\n\n\n<li>Maciej Rembacz<\/li>\n\n\n\n<li>Izabela R\u00f3\u017cycka&nbsp;<\/li>\n\n\n\n<li>Szymon Wielgosz&nbsp;<\/li>\n<\/ul>\n\n\n\n<h2 class=\"wp-block-heading has-large-font-size\"><strong>Production <\/strong><\/h2>\n\n\n\n<ul class=\"wp-block-list\">\n<li>Karolina Gonta-Rokicka&nbsp;<\/li>\n\n\n\n<li>Karolina Grzyb&nbsp;<\/li>\n\n\n\n<li>Marcin Kuropatwa&nbsp;<\/li>\n\n\n\n<li>Martyna Matwiejuk&nbsp;<\/li>\n\n\n\n<li>Lech Poluszy\u0144ski<\/li>\n\n\n\n<li>Karolina Radziejowska&nbsp;<\/li>\n<\/ul>\n\n\n\n<h2 class=\"wp-block-heading has-large-font-size\"><strong>Law and Accounting <\/strong><\/h2>\n\n\n\n<ul class=\"wp-block-list\">\n<li>Joanna Solska<\/li>\n\n\n\n<li>Marlena Ch\u0142opik&nbsp;<\/li>\n\n\n\n<li>Kaja \u0141\u0119cka-Maciejewska&nbsp;&nbsp;<\/li>\n\n\n\n<li>Micha\u0142 Muszy\u0144ski&nbsp;<\/li>\n\n\n\n<li>Anna Pie\u015bniak&nbsp;<\/li>\n\n\n\n<li>Paulina Polut&nbsp;<\/li>\n\n\n\n<li>Micha\u0142 Soko\u0142owski&nbsp;&nbsp;<\/li>\n\n\n\n<li>Konrad Wyrobek&nbsp;<\/li>\n\n\n\n<li>Dorota Wysocka&nbsp;<\/li>\n\n\n\n<li>Agnieszka Wo\u017anicka&nbsp;<\/li>\n<\/ul>\n\n\n\n<h2 class=\"wp-block-heading has-large-font-size\"><strong>Public Relations<\/strong><\/h2>\n\n\n\n<ul class=\"wp-block-list\">\n<li>Joanna Bancerowska&nbsp;&nbsp;<\/li>\n<\/ul>\n\n\n\n<h2 class=\"wp-block-heading has-large-font-size\"><strong>Exhibition \u201eThe Kodak Visionary: Photographs by Mikalojus Konstantinas \u010ciurlionis\u201d<\/strong><\/h2>\n\n\n\n<ul class=\"wp-block-list\">\n<li>Ewa Zbroja<\/li>\n\n\n\n<li>Agnieszka Beb\u0142owska-Bednarkiewicz<\/li>\n<\/ul>\n\n\n\n<h2 class=\"wp-block-heading has-large-font-size\"><strong><strong>Graphic design<\/strong><\/strong><\/h2>\n\n\n\n<ul class=\"wp-block-list\">\n<li>Martyna W\u0119dzicka-Obuchowicz&nbsp;<\/li>\n<\/ul>\n\n\n\n<h2 class=\"wp-block-heading has-large-font-size\"><strong>DTP<\/strong><\/h2>\n\n\n\n<ul class=\"wp-block-list\">\n<li>Marcin Grohs<\/li>\n<\/ul>\n\n\n\n<h2 class=\"wp-block-heading has-large-font-size\"><strong><strong>Website<\/strong><\/strong><\/h2>\n\n\n\n<ul class=\"wp-block-list\">\n<li>Maciej Chmura&nbsp;<\/li>\n\n\n\n<li>Alicja Markiewicz&nbsp;<\/li>\n<\/ul>\n\n\n\n<h2 class=\"wp-block-heading has-large-font-size\"><strong><strong>Photo and video<\/strong><\/strong><\/h2>\n\n\n\n<ul class=\"wp-block-list\">\n<li>Grzegorz Karkoszka&nbsp;<\/li>\n\n\n\n<li>Rafa\u0142 Kudyba&nbsp;<\/li>\n\n\n\n<li>Grzegorz \u0141ach<\/li>\n<\/ul>\n\n\n\n<h2 class=\"wp-block-heading has-large-font-size\"><strong><strong>Guest services and hospitality<\/strong><\/strong><\/h2>\n\n\n\n<ul class=\"wp-block-list\">\n<li>Sofiia Bohoslavets \u00a0<\/li>\n\n\n\n<li>Dominika Chodakowska &nbsp;<\/li>\n\n\n\n<li>Kazimierz G\u00f3ralewski &nbsp;<\/li>\n\n\n\n<li>Milena Kuzi\u0144ska &nbsp;<\/li>\n\n\n\n<li>Anna Markiewicz &nbsp;<\/li>\n\n\n\n<li>Izabela Orzechowska &nbsp;<\/li>\n\n\n\n<li>Wiktoria Popowicz &nbsp;<\/li>\n\n\n\n<li>Helena Py\u017canowska &nbsp;<\/li>\n\n\n\n<li>Barbara Siciarek &nbsp;<\/li>\n\n\n\n<li>Joanna Szadkowska&nbsp;<\/li>\n\n\n\n<li>Oliwia Szyma\u0144ska &nbsp;<\/li>\n\n\n\n<li>Patryk \u015aliwa &nbsp;<\/li>\n\n\n\n<li>El\u017cbieta Wojakowska-\u0141azuka&nbsp;<\/li>\n<\/ul>\n\n\n\n<h2 class=\"wp-block-heading has-large-font-size\"><strong><strong>Website Content Editing<\/strong><\/strong><\/h2>\n\n\n\n<ul class=\"wp-block-list\">\n<li>Micha\u0142 So\u0142tysik<\/li>\n<\/ul>\n\n\n\n<h2 class=\"wp-block-heading has-large-font-size\"><strong><strong>Translation<\/strong><\/strong><\/h2>\n\n\n\n<ul class=\"wp-block-list\">\n<li>\u017baneta Pniewska<\/li>\n<\/ul>\n\n\n\n<h2 class=\"wp-block-heading has-large-font-size\"><strong><strong>Brochure editing and design<\/strong><\/strong><\/h2>\n\n\n\n<ul class=\"wp-block-list\">\n<li><strong>Project editor<\/strong>:&nbsp;Beata&nbsp;Misiewicz&nbsp;&nbsp;<\/li>\n\n\n\n<li><strong>Translations<\/strong>: \u017baneta Pniewska&nbsp;&nbsp;<\/li>\n\n\n\n<li><strong>Content edition<\/strong>: Micha\u0142 S. So\u0142tysik&nbsp;&nbsp;<\/li>\n\n\n\n<li><strong>Proofreading<\/strong>:&nbsp;Nicholas Rattenbury&nbsp;<\/li>\n\n\n\n<li><strong>Technical edition<\/strong>: Maryla Broda&nbsp;<\/li>\n\n\n\n<li><strong>Editorial concept<\/strong>: Ma\u0142gorzata Chrobak&nbsp;<\/li>\n\n\n\n<li><strong>Graphic design<\/strong>: Marcin Szcze\u015bniak,&nbsp;Beata&nbsp;Misiewicz&nbsp;<\/li>\n\n\n\n<li><strong>Typesetting and book-breaking<\/strong>: Marcin Szcze\u015bniak&nbsp;&nbsp;<\/li>\n\n\n\n<li><strong>Printed by<\/strong>: Zak\u0142ad Poligrafi czny Mo\u015b &amp; \u0141uczak Sp. j.&nbsp;&nbsp;<\/li>\n<\/ul>\n\n\n\n<p>\u00a9 National Centre for Culture Poland 2025&nbsp;<br>Warsaw 2025<\/p>\n\n\n\n<p><\/p>\n\n\n\n<p><\/p>\n","protected":false},"excerpt":{"rendered":"<p>Festival Management Project Co-ordination Communication, Promotion&nbsp;and Sales Co-ordination Production Law and Accounting Public Relations Exhibition \u201eThe Kodak Visionary: Photographs by Mikalojus Konstantinas \u010ciurlionis\u201d Graphic design DTP Website Photo and video Guest services and hospitality Website&hellip;<\/p>\n","protected":false},"author":990012,"featured_media":0,"parent":0,"menu_order":0,"comment_status":"closed","ping_status":"closed","template":"","meta":{"_acf_changed":false,"footnotes":""},"class_list":["post-10524","page","type-page","status-publish","hentry"],"acf":[],"_links":{"self":[{"href":"https:\/\/www.eufonie.pl\/en\/wp-json\/wp\/v2\/pages\/10524","targetHints":{"allow":["GET"]}}],"collection":[{"href":"https:\/\/www.eufonie.pl\/en\/wp-json\/wp\/v2\/pages"}],"about":[{"href":"https:\/\/www.eufonie.pl\/en\/wp-json\/wp\/v2\/types\/page"}],"author":[{"embeddable":true,"href":"https:\/\/www.eufonie.pl\/en\/wp-json\/wp\/v2\/users\/990012"}],"replies":[{"embeddable":true,"href":"https:\/\/www.eufonie.pl\/en\/wp-json\/wp\/v2\/comments?post=10524"}],"version-history":[{"count":5,"href":"https:\/\/www.eufonie.pl\/en\/wp-json\/wp\/v2\/pages\/10524\/revisions"}],"predecessor-version":[{"id":10544,"href":"https:\/\/www.eufonie.pl\/en\/wp-json\/wp\/v2\/pages\/10524\/revisions\/10544"}],"wp:attachment":[{"href":"https:\/\/www.eufonie.pl\/en\/wp-json\/wp\/v2\/media?parent=10524"}],"curies":[{"name":"wp","href":"https:\/\/api.w.org\/{rel}","templated":true}]}}